{"id":564,"date":"2024-04-08T05:41:42","date_gmt":"2024-04-08T05:41:42","guid":{"rendered":"http:\/\/bizoptimo.com\/mentions-legales\/"},"modified":"2024-04-08T05:55:59","modified_gmt":"2024-04-08T05:55:59","slug":"mentions-legales","status":"publish","type":"page","link":"https:\/\/bizoptimo.com\/fr\/mentions-legales\/","title":{"rendered":"Mentions l\u00e9gales"},"content":{"rendered":"<h2 class=\"wp-block-post-title\"><span class=\"ez-toc-section\" id=\"mentions-legales\"><\/span>Mentions l\u00e9gales<span class=\"ez-toc-section-end\"><\/span><\/h2>\n<p>Ce site web a \u00e9t\u00e9 d\u00e9velopp\u00e9 par <strong>\n  <a href=\"http:\/\/https;\/\/swebetech.com\" target=\"_blank\" rel=\"noreferrer noopener\">Swebetech<\/a>\n<\/strong>pour <strong>\n  <a href=\"\/\">BizOptimo LTD<\/a>\n<\/strong> et est h\u00e9berg\u00e9 par <strong>\n  <a href=\"https:\/\/infomaniak.com\" target=\"_blank\" rel=\"noreferrer noopener\">Infomaniak<\/a>\n<\/strong>.<\/p>\n\n<h2 class=\"wp-block-heading\"><span class=\"ez-toc-section\" id=\"proprietaire-du-site-web\"><\/span>Propri\u00e9taire du site web<span class=\"ez-toc-section-end\"><\/span><\/h2>\n\n<p>BizOptimo LTD<br\/>Kr. Valdemara 57\/59<br\/>LV-1010, Riga<br\/>Lettonie<\/p>\n\n<h2 class=\"wp-block-heading\"><span class=\"ez-toc-section\" id=\"webmaster\"><\/span>Webmaster<span class=\"ez-toc-section-end\"><\/span><\/h2>\n\n<p>Swebetech<br\/>4 Chemin de la Pierre Souveraine<br\/>69230 SAINT-GENIS-LAVAL<br\/>France<\/p>\n\n<h2 class=\"wp-block-heading\"><span class=\"ez-toc-section\" id=\"hote\"><\/span>H\u00f4te<span class=\"ez-toc-section-end\"><\/span><\/h2>\n\n<p>Infomaniak<br\/>25 rue Eug\u00e8ne-Marziano<br\/>CH1227 GEN\u00c8VE<br\/>Suisse<\/p>\n","protected":false},"excerpt":{"rendered":"<p>Ce site web a \u00e9t\u00e9 d\u00e9velopp\u00e9 par Swebetech pour BizOptimo LTD et est h\u00e9berg\u00e9 par Infomaniak . Propri\u00e9taire du site web BizOptimo LTDKr. Valdemara 57\/59LV-1010, RigaLettonie Webmaster Swebetech4 Chemin de la Pierre Souveraine69230 SAINT-GENIS-LAVALFrance H\u00f4te Infomaniak25 rue Eug\u00e8ne-MarzianoCH1227 GEN\u00c8VESuisse<\/p>\n","protected":false},"author":1,"featured_media":0,"parent":0,"menu_order":0,"comment_status":"closed","ping_status":"closed","template":"","meta":{"footnotes":""},"class_list":["post-564","page","type-page","status-publish","hentry"],"yoast_head":"<!-- This site is optimized with the Yoast SEO plugin v25.3.1 - https:\/\/yoast.com\/wordpress\/plugins\/seo\/ -->\n<title>Mentions l\u00e9gales - BizOptimo<\/title>\n<meta name=\"robots\" content=\"index, follow, max-snippet:-1, max-image-preview:large, max-video-preview:-1\" \/>\n<link rel=\"canonical\" href=\"https:\/\/bizoptimo.com\/fr\/mentions-legales\/\" \/>\n<meta property=\"og:locale\" content=\"fr_FR\" \/>\n<meta property=\"og:type\" content=\"article\" \/>\n<meta property=\"og:title\" content=\"Mentions l\u00e9gales - BizOptimo\" \/>\n<meta property=\"og:description\" content=\"Ce site web a \u00e9t\u00e9 d\u00e9velopp\u00e9 par Swebetech pour BizOptimo LTD et est h\u00e9berg\u00e9 par Infomaniak . Propri\u00e9taire du site web BizOptimo LTDKr. Valdemara 57\/59LV-1010, RigaLettonie Webmaster Swebetech4 Chemin de la Pierre Souveraine69230 SAINT-GENIS-LAVALFrance H\u00f4te Infomaniak25 rue Eug\u00e8ne-MarzianoCH1227 GEN\u00c8VESuisse\" \/>\n<meta property=\"og:url\" content=\"https:\/\/bizoptimo.com\/fr\/mentions-legales\/\" \/>\n<meta property=\"og:site_name\" content=\"BizOptimo\" \/>\n<meta property=\"article:modified_time\" content=\"2024-04-08T05:55:59+00:00\" \/>\n<meta name=\"twitter:card\" content=\"summary_large_image\" \/>\n<script type=\"application\/ld+json\" class=\"yoast-schema-graph\">{\"@context\":\"https:\/\/schema.org\",\"@graph\":[{\"@type\":\"WebPage\",\"@id\":\"https:\/\/bizoptimo.com\/fr\/mentions-legales\/\",\"url\":\"https:\/\/bizoptimo.com\/fr\/mentions-legales\/\",\"name\":\"Mentions l\u00e9gales - BizOptimo\",\"isPartOf\":{\"@id\":\"https:\/\/bizoptimo.com\/fr\/#website\"},\"datePublished\":\"2024-04-08T05:41:42+00:00\",\"dateModified\":\"2024-04-08T05:55:59+00:00\",\"inLanguage\":\"fr-FR\",\"potentialAction\":[{\"@type\":\"ReadAction\",\"target\":[\"https:\/\/bizoptimo.com\/fr\/mentions-legales\/\"]}]},{\"@type\":\"WebSite\",\"@id\":\"https:\/\/bizoptimo.com\/fr\/#website\",\"url\":\"https:\/\/bizoptimo.com\/fr\/\",\"name\":\"BizOptimo\",\"description\":\"\",\"publisher\":{\"@id\":\"https:\/\/bizoptimo.com\/fr\/#organization\"},\"potentialAction\":[{\"@type\":\"SearchAction\",\"target\":{\"@type\":\"EntryPoint\",\"urlTemplate\":\"https:\/\/bizoptimo.com\/fr\/?s={search_term_string}\"},\"query-input\":{\"@type\":\"PropertyValueSpecification\",\"valueRequired\":true,\"valueName\":\"search_term_string\"}}],\"inLanguage\":\"fr-FR\"},{\"@type\":\"Organization\",\"@id\":\"https:\/\/bizoptimo.com\/fr\/#organization\",\"name\":\"BizOptimo\",\"url\":\"https:\/\/bizoptimo.com\/fr\/\",\"logo\":{\"@type\":\"ImageObject\",\"inLanguage\":\"fr-FR\",\"@id\":\"https:\/\/bizoptimo.com\/fr\/#\/schema\/logo\/image\/\",\"url\":\"https:\/\/bizoptimo.com\/wp-content\/uploads\/BizOptimo-Optimize-Profits-Favicon.svg\",\"contentUrl\":\"https:\/\/bizoptimo.com\/wp-content\/uploads\/BizOptimo-Optimize-Profits-Favicon.svg\",\"width\":100,\"height\":100,\"caption\":\"BizOptimo\"},\"image\":{\"@id\":\"https:\/\/bizoptimo.com\/fr\/#\/schema\/logo\/image\/\"}}]}<\/script>\n<!-- \/ Yoast SEO plugin. -->","yoast_head_json":{"title":"Mentions l\u00e9gales - BizOptimo","robots":{"index":"index","follow":"follow","max-snippet":"max-snippet:-1","max-image-preview":"max-image-preview:large","max-video-preview":"max-video-preview:-1"},"canonical":"https:\/\/bizoptimo.com\/fr\/mentions-legales\/","og_locale":"fr_FR","og_type":"article","og_title":"Mentions l\u00e9gales - BizOptimo","og_description":"Ce site web a \u00e9t\u00e9 d\u00e9velopp\u00e9 par Swebetech pour BizOptimo LTD et est h\u00e9berg\u00e9 par Infomaniak . Propri\u00e9taire du site web BizOptimo LTDKr. Valdemara 57\/59LV-1010, RigaLettonie Webmaster Swebetech4 Chemin de la Pierre Souveraine69230 SAINT-GENIS-LAVALFrance H\u00f4te Infomaniak25 rue Eug\u00e8ne-MarzianoCH1227 GEN\u00c8VESuisse","og_url":"https:\/\/bizoptimo.com\/fr\/mentions-legales\/","og_site_name":"BizOptimo","article_modified_time":"2024-04-08T05:55:59+00:00","twitter_card":"summary_large_image","schema":{"@context":"https:\/\/schema.org","@graph":[{"@type":"WebPage","@id":"https:\/\/bizoptimo.com\/fr\/mentions-legales\/","url":"https:\/\/bizoptimo.com\/fr\/mentions-legales\/","name":"Mentions l\u00e9gales - BizOptimo","isPartOf":{"@id":"https:\/\/bizoptimo.com\/fr\/#website"},"datePublished":"2024-04-08T05:41:42+00:00","dateModified":"2024-04-08T05:55:59+00:00","inLanguage":"fr-FR","potentialAction":[{"@type":"ReadAction","target":["https:\/\/bizoptimo.com\/fr\/mentions-legales\/"]}]},{"@type":"WebSite","@id":"https:\/\/bizoptimo.com\/fr\/#website","url":"https:\/\/bizoptimo.com\/fr\/","name":"BizOptimo","description":"","publisher":{"@id":"https:\/\/bizoptimo.com\/fr\/#organization"},"potentialAction":[{"@type":"SearchAction","target":{"@type":"EntryPoint","urlTemplate":"https:\/\/bizoptimo.com\/fr\/?s={search_term_string}"},"query-input":{"@type":"PropertyValueSpecification","valueRequired":true,"valueName":"search_term_string"}}],"inLanguage":"fr-FR"},{"@type":"Organization","@id":"https:\/\/bizoptimo.com\/fr\/#organization","name":"BizOptimo","url":"https:\/\/bizoptimo.com\/fr\/","logo":{"@type":"ImageObject","inLanguage":"fr-FR","@id":"https:\/\/bizoptimo.com\/fr\/#\/schema\/logo\/image\/","url":"https:\/\/bizoptimo.com\/wp-content\/uploads\/BizOptimo-Optimize-Profits-Favicon.svg","contentUrl":"https:\/\/bizoptimo.com\/wp-content\/uploads\/BizOptimo-Optimize-Profits-Favicon.svg","width":100,"height":100,"caption":"BizOptimo"},"image":{"@id":"https:\/\/bizoptimo.com\/fr\/#\/schema\/logo\/image\/"}}]}},"_links":{"self":[{"href":"https:\/\/bizoptimo.com\/fr\/wp-json\/wp\/v2\/pages\/564","targetHints":{"allow":["GET"]}}],"collection":[{"href":"https:\/\/bizoptimo.com\/fr\/wp-json\/wp\/v2\/pages"}],"about":[{"href":"https:\/\/bizoptimo.com\/fr\/wp-json\/wp\/v2\/types\/page"}],"author":[{"embeddable":true,"href":"https:\/\/bizoptimo.com\/fr\/wp-json\/wp\/v2\/users\/1"}],"replies":[{"embeddable":true,"href":"https:\/\/bizoptimo.com\/fr\/wp-json\/wp\/v2\/comments?post=564"}],"version-history":[{"count":0,"href":"https:\/\/bizoptimo.com\/fr\/wp-json\/wp\/v2\/pages\/564\/revisions"}],"wp:attachment":[{"href":"https:\/\/bizoptimo.com\/fr\/wp-json\/wp\/v2\/media?parent=564"}],"curies":[{"name":"wp","href":"https:\/\/api.w.org\/{rel}","templated":true}]}}