{"id":498,"date":"2024-03-24T15:32:53","date_gmt":"2024-03-24T15:32:53","guid":{"rendered":"http:\/\/bizoptimo.com\/kontaktujte-nas-bizoptimo\/"},"modified":"2024-04-08T04:29:23","modified_gmt":"2024-04-08T04:29:23","slug":"kontaktujte-nas-bizoptimo","status":"publish","type":"page","link":"https:\/\/bizoptimo.com\/sk\/kontaktujte-nas-bizoptimo\/","title":{"rendered":"Kontaktujte n\u00e1s &#8211; BizOptimo"},"content":{"rendered":"\n<div class=\"wp-block-group alignfull has-base-background-color has-background is-layout-flow wp-block-group-is-layout-flow\" style=\"margin-top:0px;margin-bottom:0px;padding-top:var(--wp--preset--spacing--10);padding-bottom:var(--wp--preset--spacing--10)\">\n<div class=\"wp-block-group has-global-padding is-layout-constrained wp-container-core-group-is-layout-840a35c2 wp-block-group-is-layout-constrained\" style=\"margin-top:var(--wp--preset--spacing--30);margin-bottom:var(--wp--preset--spacing--30);padding-top:var(--wp--preset--spacing--30);padding-bottom:var(--wp--preset--spacing--30)\">\n<div class=\"wp-block-columns is-layout-flex wp-container-core-columns-is-layout-28f84493 wp-block-columns-is-layout-flex\">\n<div class=\"wp-block-column is-layout-flow wp-block-column-is-layout-flow\">\n<h1 class=\"wp-block-heading\">Chcete optimalizova\u0165 svoju ziskovos\u0165?<\/h1>\n<\/div>\n<\/div>\n\n\n\n<div class=\"wp-block-columns is-layout-flex wp-container-core-columns-is-layout-65e523f9 wp-block-columns-is-layout-flex\">\n<div class=\"wp-block-column hide-on-mobile is-layout-flow wp-block-column-is-layout-flow\">\n<h2 class=\"wp-block-heading has-text-align-left\" style=\"margin-bottom:var(--wp--preset--spacing--30)\"><span class=\"ez-toc-section\" id=\"kontaktujte-nas\"><\/span>Kontaktujte n\u00e1s<span class=\"ez-toc-section-end\"><\/span><\/h2>\n\n\n\n<div class=\"wp-block-stackable-icon-label stk-block-icon-label stk-block stk-99d4368\" data-block-id=\"99d4368\"><style>.stk-99d4368{margin-bottom:0px !important}<\/style><div class=\"stk-row stk-inner-blocks stk-block-content\">\n<div class=\"wp-block-stackable-icon stk-block-icon has-text-align-center stk-block stk-e2b7c09\" data-block-id=\"e2b7c09\"><style>.stk-e2b7c09{align-items:center !important;display:flex !important}.stk-e2b7c09 .stk--svg-wrapper .stk--inner-svg svg:last-child,.stk-e2b7c09 .stk--svg-wrapper .stk--inner-svg svg:last-child :is(g,path,rect,polygon,ellipse){fill:#282348 !important}<\/style><span class=\"stk--svg-wrapper\"><div class=\"stk--inner-svg\"><svg style=\"height:0;width:0\"><defs><lineargradient id=\"linear-gradient-e2b7c09\" x1=\"0\" x2=\"100%\" y1=\"0\" y2=\"0\"><stop offset=\"0%\" style=\"stop-opacity:1;stop-color:var(--linear-gradient-e-2-b-7-c-09-color-1)\"><\/stop><stop offset=\"100%\" style=\"stop-opacity:1;stop-color:var(--linear-gradient-e-2-b-7-c-09-color-2)\"><\/stop><\/lineargradient><\/defs><\/svg><svg xmlns=\"http:\/\/www.w3.org\/2000\/svg\" viewbox=\"0 0 512 512\" aria-hidden=\"true\" width=\"32\" height=\"32\"><path d=\"M64 112c-8.8 0-16 7.2-16 16v22.1L220.5 291.7c20.7 17 50.4 17 71.1 0L464 150.1V128c0-8.8-7.2-16-16-16H64zM48 212.2V384c0 8.8 7.2 16 16 16H448c8.8 0 16-7.2 16-16V212.2L322 328.8c-38.4 31.5-93.7 31.5-132 0L48 212.2zM0 128C0 92.7 28.7 64 64 64H448c35.3 0 64 28.7 64 64V384c0 35.3-28.7 64-64 64H64c-35.3 0-64-28.7-64-64V128z\"><\/path><\/svg><\/div><\/span><\/div>\n\n\n\n<div class=\"wp-block-stackable-heading stk-block-heading stk-block-heading--v2 stk-block stk-c435b8d\" id=\"email\" data-block-id=\"c435b8d\"><style>.stk-c435b8d .stk-block-heading__text{font-size:24px !important}@media screen and (max-width:1023px){.stk-c435b8d .stk-block-heading__text{font-size:24px !important}}<\/style><p class=\"stk-block-heading__text\">contact@bizoptimo.com<\/p><\/div>\n<\/div><\/div>\n\n\n\n<div class=\"wp-block-stackable-icon-label stk-block-icon-label stk-block stk-0bb746c\" data-block-id=\"0bb746c\"><div class=\"stk-row stk-inner-blocks stk-block-content\">\n<div class=\"wp-block-stackable-icon stk-block-icon has-text-align-center stk-block stk-d391566\" data-block-id=\"d391566\"><style>.stk-d391566{align-items:center !important;display:flex !important}.stk-d391566 .stk--svg-wrapper .stk--inner-svg svg:last-child,.stk-d391566 .stk--svg-wrapper .stk--inner-svg svg:last-child :is(g,path,rect,polygon,ellipse){fill:#282348 !important}<\/style><span class=\"stk--svg-wrapper\"><div class=\"stk--inner-svg\"><svg style=\"height:0;width:0\"><defs><lineargradient id=\"linear-gradient-d391566\" x1=\"0\" x2=\"100%\" y1=\"0\" y2=\"0\"><stop offset=\"0%\" style=\"stop-opacity:1;stop-color:var(--linear-gradient-d-391566-color-1)\"><\/stop><stop offset=\"100%\" style=\"stop-opacity:1;stop-color:var(--linear-gradient-d-391566-color-2)\"><\/stop><\/lineargradient><\/defs><\/svg><svg xmlns=\"http:\/\/www.w3.org\/2000\/svg\" viewbox=\"0 0 448 512\" aria-hidden=\"true\" width=\"32\" height=\"32\"><path d=\"M380.9 97.1C339 55.1 283.2 32 223.9 32c-122.4 0-222 99.6-222 222 0 39.1 10.2 77.3 29.6 111L0 480l117.7-30.9c32.4 17.7 68.9 27 106.1 27h.1c122.3 0 224.1-99.6 224.1-222 0-59.3-25.2-115-67.1-157zm-157 341.6c-33.2 0-65.7-8.9-94-25.7l-6.7-4-69.8 18.3L72 359.2l-4.4-7c-18.5-29.4-28.2-63.3-28.2-98.2 0-101.7 82.8-184.5 184.6-184.5 49.3 0 95.6 19.2 130.4 54.1 34.8 34.9 56.2 81.2 56.1 130.5 0 101.8-84.9 184.6-186.6 184.6zm101.2-138.2c-5.5-2.8-32.8-16.2-37.9-18-5.1-1.9-8.8-2.8-12.5 2.8-3.7 5.6-14.3 18-17.6 21.8-3.2 3.7-6.5 4.2-12 1.4-32.6-16.3-54-29.1-75.5-66-5.7-9.8 5.7-9.1 16.3-30.3 1.8-3.7.9-6.9-.5-9.7-1.4-2.8-12.5-30.1-17.1-41.2-4.5-10.8-9.1-9.3-12.5-9.5-3.2-.2-6.9-.2-10.6-.2-3.7 0-9.7 1.4-14.8 6.9-5.1 5.6-19.4 19-19.4 46.3 0 27.3 19.9 53.7 22.6 57.4 2.8 3.7 39.1 59.7 94.8 83.8 35.2 15.2 49 16.5 66.6 13.9 10.7-1.6 32.8-13.4 37.4-26.4 4.6-13 4.6-24.1 3.2-26.4-1.3-2.5-5-3.9-10.5-6.6z\"><\/path><\/svg><\/div><\/span><\/div>\n\n\n\n<div class=\"wp-block-stackable-heading stk-block-heading stk-block-heading--v2 stk-block stk-204f7d5\" id=\"phone\" data-block-id=\"204f7d5\"><style>.stk-204f7d5 .stk-block-heading__text{font-size:24px !important}@media screen and (max-width:1023px){.stk-204f7d5 .stk-block-heading__text{font-size:24px !important}}<\/style><p class=\"stk-block-heading__text\">+371 275 903 02<\/p><\/div>\n<\/div><\/div>\n\n\n\n<p>BizOptimo LTD<br\/>Kr. Valdemara 57\/59<br\/>LV-1010, Riga<br\/>Loty\u0161sko<\/p>\n<\/div>\n\n\n\n<div class=\"wp-block-column is-vertically-aligned-center is-layout-flow wp-block-column-is-layout-flow\">\n<h2 class=\"wp-block-heading has-text-align-left\"><span class=\"ez-toc-section\" id=\"kontaktny-formular\"><\/span>Kontaktn\u00fd formul\u00e1r<span class=\"ez-toc-section-end\"><\/span><\/h2>\n\n\n\n<div class=\"wp-block-contact-form-7-contact-form-selector\">\n<div class=\"wpcf7 no-js\" id=\"wpcf7-f552-o1\" lang=\"sk-SK\" dir=\"ltr\" data-wpcf7-id=\"552\">\n<div class=\"screen-reader-response\"><p role=\"status\" aria-live=\"polite\" aria-atomic=\"true\"><\/p> <ul><\/ul><\/div>\n<form action=\"\/sk\/wp-json\/wp\/v2\/pages\/498#wpcf7-f552-o1\" method=\"post\" class=\"wpcf7-form init\" aria-label=\"Kontaktn\u00fd formul\u00e1r\" novalidate=\"novalidate\" data-status=\"init\">\n<fieldset class=\"hidden-fields-container\"><input type=\"hidden\" name=\"_wpcf7\" value=\"552\" \/><input type=\"hidden\" name=\"_wpcf7_version\" value=\"6.1\" \/><input type=\"hidden\" name=\"_wpcf7_locale\" value=\"sk_SK\" \/><input type=\"hidden\" name=\"_wpcf7_unit_tag\" value=\"wpcf7-f552-o1\" \/><input type=\"hidden\" name=\"_wpcf7_container_post\" value=\"0\" \/><input type=\"hidden\" name=\"_wpcf7_posted_data_hash\" value=\"\" \/><input type=\"hidden\" name=\"_wpcf7_recaptcha_response\" value=\"\" \/>\n<\/fieldset>\n<p><span class=\"wpcf7-form-control-wrap\" data-name=\"your-name\"><input size=\"40\" maxlength=\"400\" class=\"wpcf7-form-control wpcf7-text wpcf7-validates-as-required\" autocomplete=\"name\" aria-required=\"true\" aria-invalid=\"false\" placeholder=\"Va\u0161e meno a priezvisko\" value=\"\" type=\"text\" name=\"your-name\" \/><\/span><br \/>\n<span class=\"wpcf7-form-control-wrap\" data-name=\"your-email\"><input size=\"40\" maxlength=\"400\" class=\"wpcf7-form-control wpcf7-email wpcf7-validates-as-required wpcf7-text wpcf7-validates-as-email\" autocomplete=\"email\" aria-required=\"true\" aria-invalid=\"false\" placeholder=\"V\u00e1\u0161 e-mail\" value=\"\" type=\"email\" name=\"your-email\" \/><\/span><br \/>\n<span class=\"wpcf7-form-control-wrap\" data-name=\"your-phone\"><input size=\"40\" maxlength=\"400\" class=\"wpcf7-form-control wpcf7-tel wpcf7-validates-as-required wpcf7-text wpcf7-validates-as-tel\" autocomplete=\"phone\" aria-required=\"true\" aria-invalid=\"false\" placeholder=\"V\u00e1\u0161 telef\u00f3n\" value=\"\" type=\"tel\" name=\"your-phone\" \/><\/span><br \/>\n<span class=\"wpcf7-form-control-wrap\" data-name=\"your-message\"><textarea cols=\"40\" rows=\"10\" maxlength=\"2000\" class=\"wpcf7-form-control wpcf7-textarea\" aria-invalid=\"false\" placeholder=\"Va\u0161a spr\u00e1va\" name=\"your-message\"><\/textarea><\/span><br \/>\n<span class=\"wpcf7-form-control-wrap\" data-name=\"rgpd\"><span class=\"wpcf7-form-control wpcf7-checkbox wpcf7-validates-as-required\"><span class=\"wpcf7-list-item first last\"><label><input type=\"checkbox\" name=\"rgpd[]\" value=\"By sending this form, I accept BizOptimo to use my personal data to contact me and create a commercial relationship.\" \/><span class=\"wpcf7-list-item-label\">By sending this form, I accept BizOptimo to use my personal data to contact me and create a commercial relationship.<\/span><\/label><\/span><\/span><\/span><br \/>\n<input class=\"wpcf7-form-control wpcf7-submit has-spinner\" type=\"submit\" value=\"Odosla\u0165\" \/>\n<\/p><div class=\"wpcf7-response-output\" aria-hidden=\"true\"><\/div>\n<\/form>\n<\/div>\n<\/div>\n<\/div>\n<\/div>\n<\/div>\n<\/div>\n\n<div class=\"wp-block-group alignfull has-base-2-background-color has-background is-layout-flow wp-block-group-is-layout-flow\" style=\"margin-top:0px;margin-bottom:0px;padding-top:var(--wp--preset--spacing--10);padding-bottom:var(--wp--preset--spacing--10)\">\n<div class=\"wp-block-group has-global-padding is-layout-constrained wp-container-core-group-is-layout-840a35c2 wp-block-group-is-layout-constrained\" style=\"margin-top:var(--wp--preset--spacing--30);margin-bottom:var(--wp--preset--spacing--30);padding-top:var(--wp--preset--spacing--30);padding-bottom:var(--wp--preset--spacing--30)\">\n<div class=\"wp-block-columns is-layout-flex wp-container-core-columns-is-layout-65e523f9 wp-block-columns-is-layout-flex\">\n<div class=\"wp-block-column hide-on-mobile is-layout-flow wp-block-column-is-layout-flow\">\n<figure class=\"wp-block-image size-full\"><img decoding=\"async\" width=\"500\" height=\"426\" src=\"http:\/\/bizoptimo.com\/wp-content\/uploads\/How-we-helped-our-client-BizOptimo.webp\" alt=\"Ako sme pomohli n&#xE1;&#x161;mu klientovi - BizOptimo\" class=\"wp-image-294\" srcset=\"https:\/\/bizoptimo.com\/wp-content\/uploads\/How-we-helped-our-client-BizOptimo.webp 500w, https:\/\/bizoptimo.com\/wp-content\/uploads\/How-we-helped-our-client-BizOptimo-300x256.webp 300w\" sizes=\"(max-width: 500px) 100vw, 500px\" \/><\/figure>\n<\/div>\n\n\n\n<div class=\"wp-block-column is-vertically-aligned-center is-layout-flow wp-block-column-is-layout-flow\">\n<h2 class=\"wp-block-heading has-text-align-left\" style=\"margin-bottom:var(--wp--preset--spacing--30)\"><span class=\"ez-toc-section\" id=\"nas-tim-vam-rad-pomoze\"><\/span>N\u00e1\u0161 t\u00edm v\u00e1m r\u00e1d pom\u00f4\u017ee<span class=\"ez-toc-section-end\"><\/span><\/h2>\n\n\n\n<p>Z\u00e1kladom n\u00e1\u0161ho poslania je skuto\u010dn\u00e1 v\u00e1\u0161e\u0148 pom\u00e1ha\u0165 v\u00e1m. N\u00e1\u0161 t\u00edm zlo\u017een\u00fd zo \u0161pecializovan\u00fdch odborn\u00edkov je v\u017edy pripraven\u00fd poskytn\u00fa\u0165 v\u00e1m podporu, odpoveda\u0165 na va\u0161e ot\u00e1zky a poskytn\u00fa\u0165 poradenstvo, ktor\u00e9 potrebujete na prij\u00edmanie informovan\u00fdch rozhodnut\u00ed.<\/p>\n\n\n\n<p>\u010ci u\u017e h\u013ead\u00e1te rie\u0161enia zlo\u017eit\u00fdch probl\u00e9mov, alebo potrebujete jednoduch\u00fa radu, sme tu, aby sme v\u00e1s vypo\u010duli, pochopili a navrhli najefekt\u00edvnej\u0161ie strat\u00e9gie prisp\u00f4soben\u00e9 va\u0161ej jedine\u010dnej situ\u00e1cii.<\/p>\n\n\n\n<p>Oslovte n\u00e1s a za\u010dnime rozhovor, ktor\u00fd by mohol znamena\u0165 za\u010diatok \u00faspe\u0161nej spolo\u010dnej cesty.<\/p>\n<\/div>\n<\/div>\n<\/div>\n<\/div>\n","protected":false},"excerpt":{"rendered":"<p>Chcete optimalizova\u0165 svoju ziskovos\u0165? Kontaktujte n\u00e1s contact@bizoptimo.com +371 275 903 02 BizOptimo LTDKr. Valdemara 57\/59LV-1010, RigaLoty\u0161sko Kontaktn\u00fd formul\u00e1r N\u00e1\u0161 t\u00edm v\u00e1m r\u00e1d pom\u00f4\u017ee Z\u00e1kladom n\u00e1\u0161ho poslania je skuto\u010dn\u00e1 v\u00e1\u0161e\u0148 pom\u00e1ha\u0165 v\u00e1m. N\u00e1\u0161 t\u00edm zlo\u017een\u00fd zo \u0161pecializovan\u00fdch odborn\u00edkov je v\u017edy pripraven\u00fd poskytn\u00fa\u0165 v\u00e1m podporu, odpoveda\u0165 na va\u0161e ot\u00e1zky a poskytn\u00fa\u0165 poradenstvo, ktor\u00e9 potrebujete na prij\u00edmanie informovan\u00fdch [&hellip;]<\/p>\n","protected":false},"author":1,"featured_media":0,"parent":0,"menu_order":0,"comment_status":"closed","ping_status":"closed","template":"page-no-title","meta":{"footnotes":""},"class_list":["post-498","page","type-page","status-publish","hentry"],"yoast_head":"<!-- This site is optimized with the Yoast SEO plugin v25.3.1 - https:\/\/yoast.com\/wordpress\/plugins\/seo\/ -->\n<title>Kontaktujte n\u00e1s - BizOptimo - BizOptimo<\/title>\n<meta name=\"robots\" content=\"index, follow, max-snippet:-1, max-image-preview:large, max-video-preview:-1\" \/>\n<link rel=\"canonical\" href=\"https:\/\/bizoptimo.com\/sk\/kontaktujte-nas-bizoptimo\/\" \/>\n<meta property=\"og:locale\" content=\"sk_SK\" \/>\n<meta property=\"og:type\" content=\"article\" \/>\n<meta property=\"og:title\" content=\"Kontaktujte n\u00e1s - BizOptimo - BizOptimo\" \/>\n<meta property=\"og:description\" content=\"Chcete optimalizova\u0165 svoju ziskovos\u0165? Kontaktujte n\u00e1s contact@bizoptimo.com +371 275 903 02 BizOptimo LTDKr. Valdemara 57\/59LV-1010, RigaLoty\u0161sko Kontaktn\u00fd formul\u00e1r N\u00e1\u0161 t\u00edm v\u00e1m r\u00e1d pom\u00f4\u017ee Z\u00e1kladom n\u00e1\u0161ho poslania je skuto\u010dn\u00e1 v\u00e1\u0161e\u0148 pom\u00e1ha\u0165 v\u00e1m. N\u00e1\u0161 t\u00edm zlo\u017een\u00fd zo \u0161pecializovan\u00fdch odborn\u00edkov je v\u017edy pripraven\u00fd poskytn\u00fa\u0165 v\u00e1m podporu, odpoveda\u0165 na va\u0161e ot\u00e1zky a poskytn\u00fa\u0165 poradenstvo, ktor\u00e9 potrebujete na prij\u00edmanie informovan\u00fdch [&hellip;]\" \/>\n<meta property=\"og:url\" content=\"https:\/\/bizoptimo.com\/sk\/kontaktujte-nas-bizoptimo\/\" \/>\n<meta property=\"og:site_name\" content=\"BizOptimo\" \/>\n<meta property=\"article:modified_time\" content=\"2024-04-08T04:29:23+00:00\" \/>\n<meta property=\"og:image\" content=\"http:\/\/bizoptimo.com\/wp-content\/uploads\/How-we-helped-our-client-BizOptimo.webp\" \/>\n<meta name=\"twitter:card\" content=\"summary_large_image\" \/>\n<meta name=\"twitter:label1\" content=\"Predpokladan\u00fd \u010das \u010d\u00edtania\" \/>\n\t<meta name=\"twitter:data1\" content=\"1 min\u00fata\" \/>\n<script type=\"application\/ld+json\" class=\"yoast-schema-graph\">{\"@context\":\"https:\/\/schema.org\",\"@graph\":[{\"@type\":\"WebPage\",\"@id\":\"https:\/\/bizoptimo.com\/sk\/kontaktujte-nas-bizoptimo\/\",\"url\":\"https:\/\/bizoptimo.com\/sk\/kontaktujte-nas-bizoptimo\/\",\"name\":\"Kontaktujte n\u00e1s - BizOptimo - BizOptimo\",\"isPartOf\":{\"@id\":\"https:\/\/bizoptimo.com\/sk\/#website\"},\"primaryImageOfPage\":{\"@id\":\"https:\/\/bizoptimo.com\/sk\/kontaktujte-nas-bizoptimo\/#primaryimage\"},\"image\":{\"@id\":\"https:\/\/bizoptimo.com\/sk\/kontaktujte-nas-bizoptimo\/#primaryimage\"},\"thumbnailUrl\":\"http:\/\/bizoptimo.com\/wp-content\/uploads\/How-we-helped-our-client-BizOptimo.webp\",\"datePublished\":\"2024-03-24T15:32:53+00:00\",\"dateModified\":\"2024-04-08T04:29:23+00:00\",\"inLanguage\":\"sk-SK\",\"potentialAction\":[{\"@type\":\"ReadAction\",\"target\":[\"https:\/\/bizoptimo.com\/sk\/kontaktujte-nas-bizoptimo\/\"]}]},{\"@type\":\"ImageObject\",\"inLanguage\":\"sk-SK\",\"@id\":\"https:\/\/bizoptimo.com\/sk\/kontaktujte-nas-bizoptimo\/#primaryimage\",\"url\":\"http:\/\/bizoptimo.com\/wp-content\/uploads\/How-we-helped-our-client-BizOptimo.webp\",\"contentUrl\":\"http:\/\/bizoptimo.com\/wp-content\/uploads\/How-we-helped-our-client-BizOptimo.webp\"},{\"@type\":\"WebSite\",\"@id\":\"https:\/\/bizoptimo.com\/sk\/#website\",\"url\":\"https:\/\/bizoptimo.com\/sk\/\",\"name\":\"BizOptimo\",\"description\":\"\",\"publisher\":{\"@id\":\"https:\/\/bizoptimo.com\/sk\/#organization\"},\"potentialAction\":[{\"@type\":\"SearchAction\",\"target\":{\"@type\":\"EntryPoint\",\"urlTemplate\":\"https:\/\/bizoptimo.com\/sk\/?s={search_term_string}\"},\"query-input\":{\"@type\":\"PropertyValueSpecification\",\"valueRequired\":true,\"valueName\":\"search_term_string\"}}],\"inLanguage\":\"sk-SK\"},{\"@type\":\"Organization\",\"@id\":\"https:\/\/bizoptimo.com\/sk\/#organization\",\"name\":\"BizOptimo\",\"url\":\"https:\/\/bizoptimo.com\/sk\/\",\"logo\":{\"@type\":\"ImageObject\",\"inLanguage\":\"sk-SK\",\"@id\":\"https:\/\/bizoptimo.com\/sk\/#\/schema\/logo\/image\/\",\"url\":\"https:\/\/bizoptimo.com\/wp-content\/uploads\/BizOptimo-Optimize-Profits-Favicon.svg\",\"contentUrl\":\"https:\/\/bizoptimo.com\/wp-content\/uploads\/BizOptimo-Optimize-Profits-Favicon.svg\",\"width\":100,\"height\":100,\"caption\":\"BizOptimo\"},\"image\":{\"@id\":\"https:\/\/bizoptimo.com\/sk\/#\/schema\/logo\/image\/\"}}]}<\/script>\n<!-- \/ Yoast SEO plugin. -->","yoast_head_json":{"title":"Kontaktujte n\u00e1s - BizOptimo - BizOptimo","robots":{"index":"index","follow":"follow","max-snippet":"max-snippet:-1","max-image-preview":"max-image-preview:large","max-video-preview":"max-video-preview:-1"},"canonical":"https:\/\/bizoptimo.com\/sk\/kontaktujte-nas-bizoptimo\/","og_locale":"sk_SK","og_type":"article","og_title":"Kontaktujte n\u00e1s - BizOptimo - BizOptimo","og_description":"Chcete optimalizova\u0165 svoju ziskovos\u0165? Kontaktujte n\u00e1s contact@bizoptimo.com +371 275 903 02 BizOptimo LTDKr. Valdemara 57\/59LV-1010, RigaLoty\u0161sko Kontaktn\u00fd formul\u00e1r N\u00e1\u0161 t\u00edm v\u00e1m r\u00e1d pom\u00f4\u017ee Z\u00e1kladom n\u00e1\u0161ho poslania je skuto\u010dn\u00e1 v\u00e1\u0161e\u0148 pom\u00e1ha\u0165 v\u00e1m. N\u00e1\u0161 t\u00edm zlo\u017een\u00fd zo \u0161pecializovan\u00fdch odborn\u00edkov je v\u017edy pripraven\u00fd poskytn\u00fa\u0165 v\u00e1m podporu, odpoveda\u0165 na va\u0161e ot\u00e1zky a poskytn\u00fa\u0165 poradenstvo, ktor\u00e9 potrebujete na prij\u00edmanie informovan\u00fdch [&hellip;]","og_url":"https:\/\/bizoptimo.com\/sk\/kontaktujte-nas-bizoptimo\/","og_site_name":"BizOptimo","article_modified_time":"2024-04-08T04:29:23+00:00","og_image":[{"url":"http:\/\/bizoptimo.com\/wp-content\/uploads\/How-we-helped-our-client-BizOptimo.webp","type":"","width":"","height":""}],"twitter_card":"summary_large_image","twitter_misc":{"Predpokladan\u00fd \u010das \u010d\u00edtania":"1 min\u00fata"},"schema":{"@context":"https:\/\/schema.org","@graph":[{"@type":"WebPage","@id":"https:\/\/bizoptimo.com\/sk\/kontaktujte-nas-bizoptimo\/","url":"https:\/\/bizoptimo.com\/sk\/kontaktujte-nas-bizoptimo\/","name":"Kontaktujte n\u00e1s - BizOptimo - BizOptimo","isPartOf":{"@id":"https:\/\/bizoptimo.com\/sk\/#website"},"primaryImageOfPage":{"@id":"https:\/\/bizoptimo.com\/sk\/kontaktujte-nas-bizoptimo\/#primaryimage"},"image":{"@id":"https:\/\/bizoptimo.com\/sk\/kontaktujte-nas-bizoptimo\/#primaryimage"},"thumbnailUrl":"http:\/\/bizoptimo.com\/wp-content\/uploads\/How-we-helped-our-client-BizOptimo.webp","datePublished":"2024-03-24T15:32:53+00:00","dateModified":"2024-04-08T04:29:23+00:00","inLanguage":"sk-SK","potentialAction":[{"@type":"ReadAction","target":["https:\/\/bizoptimo.com\/sk\/kontaktujte-nas-bizoptimo\/"]}]},{"@type":"ImageObject","inLanguage":"sk-SK","@id":"https:\/\/bizoptimo.com\/sk\/kontaktujte-nas-bizoptimo\/#primaryimage","url":"http:\/\/bizoptimo.com\/wp-content\/uploads\/How-we-helped-our-client-BizOptimo.webp","contentUrl":"http:\/\/bizoptimo.com\/wp-content\/uploads\/How-we-helped-our-client-BizOptimo.webp"},{"@type":"WebSite","@id":"https:\/\/bizoptimo.com\/sk\/#website","url":"https:\/\/bizoptimo.com\/sk\/","name":"BizOptimo","description":"","publisher":{"@id":"https:\/\/bizoptimo.com\/sk\/#organization"},"potentialAction":[{"@type":"SearchAction","target":{"@type":"EntryPoint","urlTemplate":"https:\/\/bizoptimo.com\/sk\/?s={search_term_string}"},"query-input":{"@type":"PropertyValueSpecification","valueRequired":true,"valueName":"search_term_string"}}],"inLanguage":"sk-SK"},{"@type":"Organization","@id":"https:\/\/bizoptimo.com\/sk\/#organization","name":"BizOptimo","url":"https:\/\/bizoptimo.com\/sk\/","logo":{"@type":"ImageObject","inLanguage":"sk-SK","@id":"https:\/\/bizoptimo.com\/sk\/#\/schema\/logo\/image\/","url":"https:\/\/bizoptimo.com\/wp-content\/uploads\/BizOptimo-Optimize-Profits-Favicon.svg","contentUrl":"https:\/\/bizoptimo.com\/wp-content\/uploads\/BizOptimo-Optimize-Profits-Favicon.svg","width":100,"height":100,"caption":"BizOptimo"},"image":{"@id":"https:\/\/bizoptimo.com\/sk\/#\/schema\/logo\/image\/"}}]}},"_links":{"self":[{"href":"https:\/\/bizoptimo.com\/sk\/wp-json\/wp\/v2\/pages\/498","targetHints":{"allow":["GET"]}}],"collection":[{"href":"https:\/\/bizoptimo.com\/sk\/wp-json\/wp\/v2\/pages"}],"about":[{"href":"https:\/\/bizoptimo.com\/sk\/wp-json\/wp\/v2\/types\/page"}],"author":[{"embeddable":true,"href":"https:\/\/bizoptimo.com\/sk\/wp-json\/wp\/v2\/users\/1"}],"replies":[{"embeddable":true,"href":"https:\/\/bizoptimo.com\/sk\/wp-json\/wp\/v2\/comments?post=498"}],"version-history":[{"count":0,"href":"https:\/\/bizoptimo.com\/sk\/wp-json\/wp\/v2\/pages\/498\/revisions"}],"wp:attachment":[{"href":"https:\/\/bizoptimo.com\/sk\/wp-json\/wp\/v2\/media?parent=498"}],"curies":[{"name":"wp","href":"https:\/\/api.w.org\/{rel}","templated":true}]}}