{"id":566,"date":"2024-04-08T05:41:42","date_gmt":"2024-04-08T05:41:42","guid":{"rendered":"http:\/\/bizoptimo.com\/pravne-zmienky\/"},"modified":"2024-04-08T05:55:59","modified_gmt":"2024-04-08T05:55:59","slug":"pravne-zmienky","status":"publish","type":"page","link":"https:\/\/bizoptimo.com\/sk\/pravne-zmienky\/","title":{"rendered":"Pr\u00e1vne zmienky"},"content":{"rendered":"<h2 class=\"wp-block-post-title\"><span class=\"ez-toc-section\" id=\"pravne-zmienky\"><\/span>Pr\u00e1vne zmienky<span class=\"ez-toc-section-end\"><\/span><\/h2>\n<p>T\u00fato webov\u00fa lokalitu vytvorila <strong>\n  <a href=\"http:\/\/https;\/\/swebetech.com\" target=\"_blank\" rel=\"noreferrer noopener\">Swebetech<\/a>\n<\/strong>, pre <strong>\n  <a href=\"\/\">BizOptimo LTD<\/a>\n<\/strong> a jej hostite\u013eom je spolo\u010dnos\u0165 <strong>\n  <a href=\"https:\/\/infomaniak.com\" target=\"_blank\" rel=\"noreferrer noopener\">Infomaniak<\/a>\n<\/strong>.<\/p>\n\n<h2 class=\"wp-block-heading\"><span class=\"ez-toc-section\" id=\"vlastnik-webovej-stranky\"><\/span>Vlastn\u00edk webovej str\u00e1nky<span class=\"ez-toc-section-end\"><\/span><\/h2>\n\n<p>BizOptimo LTD<br\/>Kr. Valdemara 57\/59<br\/>LV-1010, Riga<br\/>Loty\u0161sko<\/p>\n\n<h2 class=\"wp-block-heading\"><span class=\"ez-toc-section\" id=\"webmaster\"><\/span>Webmaster<span class=\"ez-toc-section-end\"><\/span><\/h2>\n\n<p>Swebetech<br\/>4 Chemin de la Pierre Souveraine<br\/>69230 SAINT-GENIS-LAVAL<br\/>Franc\u00fazsko<\/p>\n\n<h2 class=\"wp-block-heading\"><span class=\"ez-toc-section\" id=\"hoster\"><\/span>Hoster<span class=\"ez-toc-section-end\"><\/span><\/h2>\n\n<p>Infomaniak<br\/>25 rue Eug\u00e8ne-Marziano<br\/>CH1227 GEN\u00c8VE<br\/>\u0160vaj\u010diarsko<\/p>\n","protected":false},"excerpt":{"rendered":"<p>T\u00fato webov\u00fa lokalitu vytvorila Swebetech , pre BizOptimo LTD a jej hostite\u013eom je spolo\u010dnos\u0165 Infomaniak . Vlastn\u00edk webovej str\u00e1nky BizOptimo LTDKr. Valdemara 57\/59LV-1010, RigaLoty\u0161sko Webmaster Swebetech4 Chemin de la Pierre Souveraine69230 SAINT-GENIS-LAVALFranc\u00fazsko Hoster Infomaniak25 rue Eug\u00e8ne-MarzianoCH1227 GEN\u00c8VE\u0160vaj\u010diarsko<\/p>\n","protected":false},"author":1,"featured_media":0,"parent":0,"menu_order":0,"comment_status":"closed","ping_status":"closed","template":"","meta":{"footnotes":""},"class_list":["post-566","page","type-page","status-publish","hentry"],"yoast_head":"<!-- This site is optimized with the Yoast SEO plugin v25.3.1 - https:\/\/yoast.com\/wordpress\/plugins\/seo\/ -->\n<title>Pr\u00e1vne zmienky - BizOptimo<\/title>\n<meta name=\"robots\" content=\"index, follow, max-snippet:-1, max-image-preview:large, max-video-preview:-1\" \/>\n<link rel=\"canonical\" href=\"https:\/\/bizoptimo.com\/sk\/pravne-zmienky\/\" \/>\n<meta property=\"og:locale\" content=\"sk_SK\" \/>\n<meta property=\"og:type\" content=\"article\" \/>\n<meta property=\"og:title\" content=\"Pr\u00e1vne zmienky - BizOptimo\" \/>\n<meta property=\"og:description\" content=\"T\u00fato webov\u00fa lokalitu vytvorila Swebetech , pre BizOptimo LTD a jej hostite\u013eom je spolo\u010dnos\u0165 Infomaniak . Vlastn\u00edk webovej str\u00e1nky BizOptimo LTDKr. Valdemara 57\/59LV-1010, RigaLoty\u0161sko Webmaster Swebetech4 Chemin de la Pierre Souveraine69230 SAINT-GENIS-LAVALFranc\u00fazsko Hoster Infomaniak25 rue Eug\u00e8ne-MarzianoCH1227 GEN\u00c8VE\u0160vaj\u010diarsko\" \/>\n<meta property=\"og:url\" content=\"https:\/\/bizoptimo.com\/sk\/pravne-zmienky\/\" \/>\n<meta property=\"og:site_name\" content=\"BizOptimo\" \/>\n<meta property=\"article:modified_time\" content=\"2024-04-08T05:55:59+00:00\" \/>\n<meta name=\"twitter:card\" content=\"summary_large_image\" \/>\n<script type=\"application\/ld+json\" class=\"yoast-schema-graph\">{\"@context\":\"https:\/\/schema.org\",\"@graph\":[{\"@type\":\"WebPage\",\"@id\":\"https:\/\/bizoptimo.com\/sk\/pravne-zmienky\/\",\"url\":\"https:\/\/bizoptimo.com\/sk\/pravne-zmienky\/\",\"name\":\"Pr\u00e1vne zmienky - BizOptimo\",\"isPartOf\":{\"@id\":\"https:\/\/bizoptimo.com\/sk\/#website\"},\"datePublished\":\"2024-04-08T05:41:42+00:00\",\"dateModified\":\"2024-04-08T05:55:59+00:00\",\"inLanguage\":\"sk-SK\",\"potentialAction\":[{\"@type\":\"ReadAction\",\"target\":[\"https:\/\/bizoptimo.com\/sk\/pravne-zmienky\/\"]}]},{\"@type\":\"WebSite\",\"@id\":\"https:\/\/bizoptimo.com\/sk\/#website\",\"url\":\"https:\/\/bizoptimo.com\/sk\/\",\"name\":\"BizOptimo\",\"description\":\"\",\"publisher\":{\"@id\":\"https:\/\/bizoptimo.com\/sk\/#organization\"},\"potentialAction\":[{\"@type\":\"SearchAction\",\"target\":{\"@type\":\"EntryPoint\",\"urlTemplate\":\"https:\/\/bizoptimo.com\/sk\/?s={search_term_string}\"},\"query-input\":{\"@type\":\"PropertyValueSpecification\",\"valueRequired\":true,\"valueName\":\"search_term_string\"}}],\"inLanguage\":\"sk-SK\"},{\"@type\":\"Organization\",\"@id\":\"https:\/\/bizoptimo.com\/sk\/#organization\",\"name\":\"BizOptimo\",\"url\":\"https:\/\/bizoptimo.com\/sk\/\",\"logo\":{\"@type\":\"ImageObject\",\"inLanguage\":\"sk-SK\",\"@id\":\"https:\/\/bizoptimo.com\/sk\/#\/schema\/logo\/image\/\",\"url\":\"https:\/\/bizoptimo.com\/wp-content\/uploads\/BizOptimo-Optimize-Profits-Favicon.svg\",\"contentUrl\":\"https:\/\/bizoptimo.com\/wp-content\/uploads\/BizOptimo-Optimize-Profits-Favicon.svg\",\"width\":100,\"height\":100,\"caption\":\"BizOptimo\"},\"image\":{\"@id\":\"https:\/\/bizoptimo.com\/sk\/#\/schema\/logo\/image\/\"}}]}<\/script>\n<!-- \/ Yoast SEO plugin. -->","yoast_head_json":{"title":"Pr\u00e1vne zmienky - BizOptimo","robots":{"index":"index","follow":"follow","max-snippet":"max-snippet:-1","max-image-preview":"max-image-preview:large","max-video-preview":"max-video-preview:-1"},"canonical":"https:\/\/bizoptimo.com\/sk\/pravne-zmienky\/","og_locale":"sk_SK","og_type":"article","og_title":"Pr\u00e1vne zmienky - BizOptimo","og_description":"T\u00fato webov\u00fa lokalitu vytvorila Swebetech , pre BizOptimo LTD a jej hostite\u013eom je spolo\u010dnos\u0165 Infomaniak . Vlastn\u00edk webovej str\u00e1nky BizOptimo LTDKr. Valdemara 57\/59LV-1010, RigaLoty\u0161sko Webmaster Swebetech4 Chemin de la Pierre Souveraine69230 SAINT-GENIS-LAVALFranc\u00fazsko Hoster Infomaniak25 rue Eug\u00e8ne-MarzianoCH1227 GEN\u00c8VE\u0160vaj\u010diarsko","og_url":"https:\/\/bizoptimo.com\/sk\/pravne-zmienky\/","og_site_name":"BizOptimo","article_modified_time":"2024-04-08T05:55:59+00:00","twitter_card":"summary_large_image","schema":{"@context":"https:\/\/schema.org","@graph":[{"@type":"WebPage","@id":"https:\/\/bizoptimo.com\/sk\/pravne-zmienky\/","url":"https:\/\/bizoptimo.com\/sk\/pravne-zmienky\/","name":"Pr\u00e1vne zmienky - BizOptimo","isPartOf":{"@id":"https:\/\/bizoptimo.com\/sk\/#website"},"datePublished":"2024-04-08T05:41:42+00:00","dateModified":"2024-04-08T05:55:59+00:00","inLanguage":"sk-SK","potentialAction":[{"@type":"ReadAction","target":["https:\/\/bizoptimo.com\/sk\/pravne-zmienky\/"]}]},{"@type":"WebSite","@id":"https:\/\/bizoptimo.com\/sk\/#website","url":"https:\/\/bizoptimo.com\/sk\/","name":"BizOptimo","description":"","publisher":{"@id":"https:\/\/bizoptimo.com\/sk\/#organization"},"potentialAction":[{"@type":"SearchAction","target":{"@type":"EntryPoint","urlTemplate":"https:\/\/bizoptimo.com\/sk\/?s={search_term_string}"},"query-input":{"@type":"PropertyValueSpecification","valueRequired":true,"valueName":"search_term_string"}}],"inLanguage":"sk-SK"},{"@type":"Organization","@id":"https:\/\/bizoptimo.com\/sk\/#organization","name":"BizOptimo","url":"https:\/\/bizoptimo.com\/sk\/","logo":{"@type":"ImageObject","inLanguage":"sk-SK","@id":"https:\/\/bizoptimo.com\/sk\/#\/schema\/logo\/image\/","url":"https:\/\/bizoptimo.com\/wp-content\/uploads\/BizOptimo-Optimize-Profits-Favicon.svg","contentUrl":"https:\/\/bizoptimo.com\/wp-content\/uploads\/BizOptimo-Optimize-Profits-Favicon.svg","width":100,"height":100,"caption":"BizOptimo"},"image":{"@id":"https:\/\/bizoptimo.com\/sk\/#\/schema\/logo\/image\/"}}]}},"_links":{"self":[{"href":"https:\/\/bizoptimo.com\/sk\/wp-json\/wp\/v2\/pages\/566","targetHints":{"allow":["GET"]}}],"collection":[{"href":"https:\/\/bizoptimo.com\/sk\/wp-json\/wp\/v2\/pages"}],"about":[{"href":"https:\/\/bizoptimo.com\/sk\/wp-json\/wp\/v2\/types\/page"}],"author":[{"embeddable":true,"href":"https:\/\/bizoptimo.com\/sk\/wp-json\/wp\/v2\/users\/1"}],"replies":[{"embeddable":true,"href":"https:\/\/bizoptimo.com\/sk\/wp-json\/wp\/v2\/comments?post=566"}],"version-history":[{"count":0,"href":"https:\/\/bizoptimo.com\/sk\/wp-json\/wp\/v2\/pages\/566\/revisions"}],"wp:attachment":[{"href":"https:\/\/bizoptimo.com\/sk\/wp-json\/wp\/v2\/media?parent=566"}],"curies":[{"name":"wp","href":"https:\/\/api.w.org\/{rel}","templated":true}]}}